{"id":152,"date":"2019-12-07T08:57:50","date_gmt":"2019-12-07T07:57:50","guid":{"rendered":"https:\/\/kar-mar.de\/?page_id=152"},"modified":"2023-11-16T19:15:16","modified_gmt":"2023-11-16T18:15:16","slug":"contact-us","status":"publish","type":"page","link":"https:\/\/kar-mar.de\/?page_id=152","title":{"rendered":"Kontakt"},"content":{"rendered":"\t\t<div data-elementor-type=\"wp-page\" data-elementor-id=\"152\" class=\"elementor elementor-152\">\n\t\t\t\t\t\t\t\t\t<section class=\"elementor-section elementor-top-section elementor-element elementor-element-9ddb9f1 elementor-section-boxed elementor-section-height-default elementor-section-height-default\" data-id=\"9ddb9f1\" data-element_type=\"section\" data-settings=\"{&quot;background_background&quot;:&quot;classic&quot;}\">\n\t\t\t\t\t\t<div class=\"elementor-container elementor-column-gap-no\">\n\t\t\t\t\t<div class=\"aux-parallax-section elementor-column elementor-col-50 elementor-top-column elementor-element elementor-element-9a3f578\" data-id=\"9a3f578\" data-element_type=\"column\">\n\t\t\t<div class=\"elementor-widget-wrap elementor-element-populated\">\n\t\t\t\t\t\t\t\t<div class=\"elementor-element elementor-element-4e717b3 elementor-widget elementor-widget-aux_modern_heading\" data-id=\"4e717b3\" data-element_type=\"widget\" data-widget_type=\"aux_modern_heading.default\">\n\t\t\t\t<div class=\"elementor-widget-container\">\n\t\t\t<section class=\"aux-widget-modern-heading\">\n            <div class=\"aux-widget-inner\"><h2 class=\"aux-modern-heading-primary\"><\/h2><div class=\"aux-modern-heading-divider\"><\/div><div class=\"aux-modern-heading-description\"><p>\u00a0<\/p><p>Datenschutzerkl\u00e4rung: Verantwortlich f\u00fcr die Datenverarbeitung ist:<\/p><p>KAR-MAR Baurenovierungsdienste, Marek Jaworski, Grunwaldzka 14\/16\/5, 50-355 Wroc\u0142aw, Polen, Steuernummer: PL8981925249.<\/p><p>Zum Schutz Ihrer Daten nutzen wir Verschl\u00fcsselungstechniken wie SSL \u00fcber HTTPS bei der \u00dcbertragung.<\/p><p>Kontaktformular<\/p><p>Bei Kontaktaufnahme \u00fcber E-Mail, SMS, Whatsapp oder Kontaktformular speichern wir Ihre Angaben zur Anfragebearbeitung und f\u00fcr Folgefragen.<\/p><p>Datenl\u00f6schung und -sperrung<\/p><p>Wir speichern Ihre Daten nur so lange wie n\u00f6tig oder gesetzlich vorgeschrieben und l\u00f6schen oder sperren sie danach.<\/p><p>Einsatz von Google Analytics<\/p><p>Wir verwenden Google Analytics mit Cookies zur Analyse der Webseitennutzung. Die IP-Adresse wird innerhalb der EU oder des EWR von Google gek\u00fcrzt. Vollst\u00e4ndige IP-Adressen werden nur ausnahmsweise in die USA \u00fcbertragen und dort gek\u00fcrzt. Google verarbeitet die Informationen im Auftrag des Webseitenbetreibers. Sie k\u00f6nnen die Datenerfassung durch Google Analytics verhindern, indem Sie das Browser-Add-On herunterladen und installieren oder diesen Link f\u00fcr ein Opt-Out-Cookie nutzen.<\/p><p>Rechte auf Auskunft, Berichtigung, Sperre, L\u00f6schung und Widerspruch<\/p><p>Sie haben Rechte auf Auskunft, Berichtigung, Sperrung oder L\u00f6schung Ihrer Daten, sofern keine gesetzliche Aufbewahrungspflicht besteht. Bei Fragen wenden Sie sich bitte an unseren Datenschutzbeauftragten.<\/p><p>\u00c4nderungen der Datenschutzbestimmungen<\/p><p>Wir passen die Datenschutzerkl\u00e4rung bei Bedarf an, um sie rechtlich aktuell zu halten oder um Dienstleistungs\u00e4nderungen einzubeziehen. Die neue Erkl\u00e4rung gilt bei Ihrem n\u00e4chsten Besuch.<\/p><p>Datenschutzbeauftragter<\/p><p>Bei Fragen zum Datenschutz kontaktieren Sie bitte unseren Datenschutzbeauftragten.<\/p><p>Kontaktdaten: kontakt@kar-mar.de<\/p><\/div><\/div>\n        <\/section>\t\t<\/div>\n\t\t\t\t<\/div>\n\t\t\t\t\t<\/div>\n\t\t<\/div>\n\t\t\t\t<div class=\"aux-parallax-section elementor-column elementor-col-50 elementor-top-column elementor-element elementor-element-eb27764\" data-id=\"eb27764\" data-element_type=\"column\">\n\t\t\t<div class=\"elementor-widget-wrap elementor-element-populated\">\n\t\t\t\t\t\t\t\t<div class=\"elementor-element elementor-element-5e101dc elementor-widget elementor-widget-aux_modern_heading\" data-id=\"5e101dc\" data-element_type=\"widget\" data-widget_type=\"aux_modern_heading.default\">\n\t\t\t\t<div class=\"elementor-widget-container\">\n\t\t\t<section class=\"aux-widget-modern-heading\">\n            <div class=\"aux-widget-inner\"><h2 class=\"aux-modern-heading-primary\">Kontakt<\/h2><\/div>\n        <\/section>\t\t<\/div>\n\t\t\t\t<\/div>\n\t\t\t\t<div class=\"elementor-element elementor-element-3dee225 elementor-widget__width-auto elementor-widget-tablet__width-inherit elementor-widget elementor-widget-aux_modern_heading\" data-id=\"3dee225\" data-element_type=\"widget\" data-widget_type=\"aux_modern_heading.default\">\n\t\t\t\t<div class=\"elementor-widget-container\">\n\t\t\t<section class=\"aux-widget-modern-heading\">\n            <div class=\"aux-widget-inner\"><h4 class=\"aux-modern-heading-primary\">phone<\/h4><div class=\"aux-modern-heading-description\"><p>+48 537 770 693<\/p><\/div><\/div>\n        <\/section>\t\t<\/div>\n\t\t\t\t<\/div>\n\t\t\t\t<div class=\"elementor-element elementor-element-42b45de elementor-widget__width-auto elementor-widget-tablet__width-inherit elementor-widget elementor-widget-aux_modern_heading\" data-id=\"42b45de\" data-element_type=\"widget\" data-widget_type=\"aux_modern_heading.default\">\n\t\t\t\t<div class=\"elementor-widget-container\">\n\t\t\t<section class=\"aux-widget-modern-heading\">\n            <div class=\"aux-widget-inner\"><h4 class=\"aux-modern-heading-primary\">e-mail<\/h4><div class=\"aux-modern-heading-description\"><p>kontakt@kar-mar.de<\/p><\/div><\/div>\n        <\/section>\t\t<\/div>\n\t\t\t\t<\/div>\n\t\t\t\t<div class=\"elementor-element elementor-element-3c17ac7 elementor-widget elementor-widget-aux_modern_heading\" data-id=\"3c17ac7\" data-element_type=\"widget\" data-widget_type=\"aux_modern_heading.default\">\n\t\t\t\t<div class=\"elementor-widget-container\">\n\t\t\t<section class=\"aux-widget-modern-heading\">\n            <div class=\"aux-widget-inner\"><h4 class=\"aux-modern-heading-primary\">Adresse<\/h4><div class=\"aux-modern-heading-description\"><p>KAR-MAR\u00a0 \u00a0 \u00a0 \u00a0 \u00a0 \u00a0 \u00a0 \u00a0 \u00a0 \u00a0 \u00a0 \u00a0 \u00a0 \u00a0 \u00a0 \u00a0 \u00a0 \u00a0 \u00a0 US\u0141UGI REMONTOWO-BUDOWLANE MAREK JAWORSKI<\/p><p>ul. Grunwaldzka 14\/16\/5\u00a0 \u00a0 \u00a0 \u00a0 \u00a0 \u00a0 \u00a0 \u00a0 \u00a050-355 Wroc\u0142aw<\/p><p><span class=\"company-label\">NIP <\/span><span class=\"pre-mobile:text-xs-small-line\">8981925249<\/span><\/p><\/div><\/div>\n        <\/section>\t\t<\/div>\n\t\t\t\t<\/div>\n\t\t\t\t<div class=\"elementor-element elementor-element-77d2cdc elementor-widget elementor-widget-aux_modern_heading\" data-id=\"77d2cdc\" data-element_type=\"widget\" data-widget_type=\"aux_modern_heading.default\">\n\t\t\t\t<div class=\"elementor-widget-container\">\n\t\t\t<section class=\"aux-widget-modern-heading\">\n            <div class=\"aux-widget-inner\"><h2 class=\"aux-modern-heading-primary\">Kontaktieren Sie uns!<\/h2><div class=\"aux-modern-heading-description\"><h4>Impressum<\/h4><h4>Angaben gem\u00e4\u00df \u00a7 5 TMG:<\/h4><p>KAR-MAR US\u0141UGI REMONTOWO-BUDOWLANE MAREK JAWORSKI<\/p><p>ul. Grunwaldzka 14\/16\/5\u00a0 \u00a0 \u00a050-355 Wroc\u0142aw<\/p><h4>Umsatzsteuer-Identifikationsnummer\u00a0<\/h4><p><span class=\"company-label\">NIP PL<\/span><span class=\"pre-mobile:text-xs-small-line\">8981925249<\/span><\/p><h4>Kontakt:<\/h4><h4>Telefon: +48 537 770 693<\/h4><h4>E-mail: kontakt@kar-mar.de<\/h4><h4>Vertreten durch: Herrn Marek Jaworski<\/h4><h4>Die Berufshaftpflichtversicherung wurde abgeschlossen bei:<\/h4><h4>Hestia sp. z o.o.<\/h4><\/div><\/div>\n        <\/section>\t\t<\/div>\n\t\t\t\t<\/div>\n\t\t\t\t\t<\/div>\n\t\t<\/div>\n\t\t\t\t\t\t\t<\/div>\n\t\t<\/section>\n\t\t\t\t<section class=\"elementor-section elementor-top-section elementor-element elementor-element-16139d1 elementor-section-boxed elementor-section-height-default elementor-section-height-default\" data-id=\"16139d1\" data-element_type=\"section\">\n\t\t\t\t\t\t<div class=\"elementor-container elementor-column-gap-default\">\n\t\t\t\t\t<div class=\"aux-parallax-section elementor-column elementor-col-100 elementor-top-column elementor-element elementor-element-3bad30b\" data-id=\"3bad30b\" data-element_type=\"column\">\n\t\t\t<div class=\"elementor-widget-wrap elementor-element-populated\">\n\t\t\t\t\t\t\t\t<div class=\"elementor-element elementor-element-5684aad elementor-widget elementor-widget-aux_logo\" data-id=\"5684aad\" data-element_type=\"widget\" data-widget_type=\"aux_logo.default\">\n\t\t\t\t<div class=\"elementor-widget-container\">\n\t\t\t<div class=\"aux-widget-logo\"><a class=\"aux-logo-anchor aux-has-logo\" title=\"Kar-Mar Montage\" href=\"https:\/\/kar-mar.de\/\"><img loading=\"lazy\" decoding=\"async\" width=\"192\" height=\"48\" src=\"https:\/\/kar-mar.de\/wp-content\/uploads\/2019\/10\/op_Logo_White.png\" class=\"aux-attachment aux-featured-image attachment-192x48 aux-attachment-id-106 \" alt=\"demo-attachment-12-op_Logo_White\" data-ratio=\"4\" data-original-w=\"192\" \/><\/a><a class=\"aux-logo-anchor aux-logo-sticky aux-logo-hidden aux-has-logo\" title=\"Kar-Mar Montage\" href=\"https:\/\/kar-mar.de\/\"><img loading=\"lazy\" decoding=\"async\" width=\"192\" height=\"192\" src=\"https:\/\/kar-mar.de\/wp-content\/uploads\/2023\/10\/Kar-Mar-Logo-1.png\" class=\"aux-attachment aux-featured-image attachment-192x192 aux-attachment-id-322 \" alt=\"Kar-Mar-Logo\" data-ratio=\"1\" data-original-w=\"192\" \/><\/a><section class=\"aux-logo-text\"><h3 class=\"site-title\"><a href=\"https:\/\/kar-mar.de\/\" title=\"Kar-Mar Montage\">Kar-Mar Montage<\/a><\/h3><p class=\"site-description\">Ihr Partner f\u00fcr Fenster-, T\u00fcren- und Fassaden- Montage<\/p><\/section><\/div>\t\t<\/div>\n\t\t\t\t<\/div>\n\t\t\t\t\t<\/div>\n\t\t<\/div>\n\t\t\t\t\t\t\t<\/div>\n\t\t<\/section>\n\t\t\t\t\t\t\t<\/div>\n\t\t","protected":false},"excerpt":{"rendered":"<p>\u00a0 Datenschutzerkl\u00e4rung: Verantwortlich f\u00fcr die Datenverarbeitung ist: KAR-MAR Baurenovierungsdienste, Marek Jaworski, Grunwaldzka 14\/16\/5, 50-355 Wroc\u0142aw, Polen, Steuernummer: PL8981925249. Zum Schutz Ihrer Daten nutzen wir Verschl\u00fcsselungstechniken wie SSL \u00fcber HTTPS bei der \u00dcbertragung. Kontaktformular Bei Kontaktaufnahme \u00fcber E-Mail, SMS, Whatsapp oder Kontaktformular speichern wir Ihre Angaben zur Anfragebearbeitung und f\u00fcr Folgefragen. Datenl\u00f6schung und -sperrung Wir speichern [&hellip;]<\/p>\n","protected":false},"author":1,"featured_media":0,"parent":0,"menu_order":0,"comment_status":"closed","ping_status":"closed","template":"templates\/page-builder-content.php","meta":{"footnotes":""},"class_list":["post-152","page","type-page","status-publish","hentry"],"yoast_head":"<!-- This site is optimized with the Yoast SEO plugin v21.4 - https:\/\/yoast.com\/wordpress\/plugins\/seo\/ -->\n<title>Kontakt - Kar-Mar Montage<\/title>\n<meta name=\"robots\" content=\"index, follow, max-snippet:-1, max-image-preview:large, max-video-preview:-1\" \/>\n<link rel=\"canonical\" href=\"https:\/\/kar-mar.de\/?page_id=152\" \/>\n<meta property=\"og:locale\" content=\"en_US\" \/>\n<meta property=\"og:type\" content=\"article\" \/>\n<meta property=\"og:title\" content=\"Kontakt - Kar-Mar Montage\" \/>\n<meta property=\"og:description\" content=\"\u00a0 Datenschutzerkl\u00e4rung: Verantwortlich f\u00fcr die Datenverarbeitung ist: KAR-MAR Baurenovierungsdienste, Marek Jaworski, Grunwaldzka 14\/16\/5, 50-355 Wroc\u0142aw, Polen, Steuernummer: PL8981925249. Zum Schutz Ihrer Daten nutzen wir Verschl\u00fcsselungstechniken wie SSL \u00fcber HTTPS bei der \u00dcbertragung. Kontaktformular Bei Kontaktaufnahme \u00fcber E-Mail, SMS, Whatsapp oder Kontaktformular speichern wir Ihre Angaben zur Anfragebearbeitung und f\u00fcr Folgefragen. Datenl\u00f6schung und -sperrung Wir speichern [&hellip;]\" \/>\n<meta property=\"og:url\" content=\"https:\/\/kar-mar.de\/?page_id=152\" \/>\n<meta property=\"og:site_name\" content=\"Kar-Mar Montage\" \/>\n<meta property=\"article:modified_time\" content=\"2023-11-16T18:15:16+00:00\" \/>\n<meta property=\"og:image\" content=\"https:\/\/kar-mar.de\/wp-content\/uploads\/2019\/10\/op_Logo_White.png\" \/>\n<meta name=\"twitter:card\" content=\"summary_large_image\" \/>\n<meta name=\"twitter:label1\" content=\"Est. reading time\" \/>\n\t<meta name=\"twitter:data1\" content=\"3 minutes\" \/>\n<script type=\"application\/ld+json\" class=\"yoast-schema-graph\">{\"@context\":\"https:\/\/schema.org\",\"@graph\":[{\"@type\":\"WebPage\",\"@id\":\"https:\/\/kar-mar.de\/?page_id=152\",\"url\":\"https:\/\/kar-mar.de\/?page_id=152\",\"name\":\"Kontakt - Kar-Mar Montage\",\"isPartOf\":{\"@id\":\"https:\/\/kar-mar.de\/#website\"},\"datePublished\":\"2019-12-07T07:57:50+00:00\",\"dateModified\":\"2023-11-16T18:15:16+00:00\",\"breadcrumb\":{\"@id\":\"https:\/\/kar-mar.de\/?page_id=152#breadcrumb\"},\"inLanguage\":\"en-US\",\"potentialAction\":[{\"@type\":\"ReadAction\",\"target\":[\"https:\/\/kar-mar.de\/?page_id=152\"]}]},{\"@type\":\"BreadcrumbList\",\"@id\":\"https:\/\/kar-mar.de\/?page_id=152#breadcrumb\",\"itemListElement\":[{\"@type\":\"ListItem\",\"position\":1,\"name\":\"Home\",\"item\":\"https:\/\/kar-mar.de\/\"},{\"@type\":\"ListItem\",\"position\":2,\"name\":\"Kontakt\"}]},{\"@type\":\"WebSite\",\"@id\":\"https:\/\/kar-mar.de\/#website\",\"url\":\"https:\/\/kar-mar.de\/\",\"name\":\"Kar-Mar Montage\",\"description\":\"Ihr Partner f\u00fcr Fenster-, T\u00fcren- und Fassaden- Montage\",\"publisher\":{\"@id\":\"https:\/\/kar-mar.de\/#organization\"},\"potentialAction\":[{\"@type\":\"SearchAction\",\"target\":{\"@type\":\"EntryPoint\",\"urlTemplate\":\"https:\/\/kar-mar.de\/?s={search_term_string}\"},\"query-input\":\"required name=search_term_string\"}],\"inLanguage\":\"en-US\"},{\"@type\":\"Organization\",\"@id\":\"https:\/\/kar-mar.de\/#organization\",\"name\":\"Kar-Mar Montage\",\"url\":\"https:\/\/kar-mar.de\/\",\"logo\":{\"@type\":\"ImageObject\",\"inLanguage\":\"en-US\",\"@id\":\"https:\/\/kar-mar.de\/#\/schema\/logo\/image\/\",\"url\":\"https:\/\/kar-mar.de\/wp-content\/uploads\/2023\/10\/cropped-cropped-Bez-tytulu-512-x-512-px-1.png\",\"contentUrl\":\"https:\/\/kar-mar.de\/wp-content\/uploads\/2023\/10\/cropped-cropped-Bez-tytulu-512-x-512-px-1.png\",\"width\":512,\"height\":511,\"caption\":\"Kar-Mar Montage\"},\"image\":{\"@id\":\"https:\/\/kar-mar.de\/#\/schema\/logo\/image\/\"}}]}<\/script>\n<!-- \/ Yoast SEO plugin. -->","yoast_head_json":{"title":"Kontakt - Kar-Mar Montage","robots":{"index":"index","follow":"follow","max-snippet":"max-snippet:-1","max-image-preview":"max-image-preview:large","max-video-preview":"max-video-preview:-1"},"canonical":"https:\/\/kar-mar.de\/?page_id=152","og_locale":"en_US","og_type":"article","og_title":"Kontakt - Kar-Mar Montage","og_description":"\u00a0 Datenschutzerkl\u00e4rung: Verantwortlich f\u00fcr die Datenverarbeitung ist: KAR-MAR Baurenovierungsdienste, Marek Jaworski, Grunwaldzka 14\/16\/5, 50-355 Wroc\u0142aw, Polen, Steuernummer: PL8981925249. Zum Schutz Ihrer Daten nutzen wir Verschl\u00fcsselungstechniken wie SSL \u00fcber HTTPS bei der \u00dcbertragung. Kontaktformular Bei Kontaktaufnahme \u00fcber E-Mail, SMS, Whatsapp oder Kontaktformular speichern wir Ihre Angaben zur Anfragebearbeitung und f\u00fcr Folgefragen. Datenl\u00f6schung und -sperrung Wir speichern [&hellip;]","og_url":"https:\/\/kar-mar.de\/?page_id=152","og_site_name":"Kar-Mar Montage","article_modified_time":"2023-11-16T18:15:16+00:00","og_image":[{"url":"https:\/\/kar-mar.de\/wp-content\/uploads\/2019\/10\/op_Logo_White.png"}],"twitter_card":"summary_large_image","twitter_misc":{"Est. reading time":"3 minutes"},"schema":{"@context":"https:\/\/schema.org","@graph":[{"@type":"WebPage","@id":"https:\/\/kar-mar.de\/?page_id=152","url":"https:\/\/kar-mar.de\/?page_id=152","name":"Kontakt - Kar-Mar Montage","isPartOf":{"@id":"https:\/\/kar-mar.de\/#website"},"datePublished":"2019-12-07T07:57:50+00:00","dateModified":"2023-11-16T18:15:16+00:00","breadcrumb":{"@id":"https:\/\/kar-mar.de\/?page_id=152#breadcrumb"},"inLanguage":"en-US","potentialAction":[{"@type":"ReadAction","target":["https:\/\/kar-mar.de\/?page_id=152"]}]},{"@type":"BreadcrumbList","@id":"https:\/\/kar-mar.de\/?page_id=152#breadcrumb","itemListElement":[{"@type":"ListItem","position":1,"name":"Home","item":"https:\/\/kar-mar.de\/"},{"@type":"ListItem","position":2,"name":"Kontakt"}]},{"@type":"WebSite","@id":"https:\/\/kar-mar.de\/#website","url":"https:\/\/kar-mar.de\/","name":"Kar-Mar Montage","description":"Ihr Partner f\u00fcr Fenster-, T\u00fcren- und Fassaden- Montage","publisher":{"@id":"https:\/\/kar-mar.de\/#organization"},"potentialAction":[{"@type":"SearchAction","target":{"@type":"EntryPoint","urlTemplate":"https:\/\/kar-mar.de\/?s={search_term_string}"},"query-input":"required name=search_term_string"}],"inLanguage":"en-US"},{"@type":"Organization","@id":"https:\/\/kar-mar.de\/#organization","name":"Kar-Mar Montage","url":"https:\/\/kar-mar.de\/","logo":{"@type":"ImageObject","inLanguage":"en-US","@id":"https:\/\/kar-mar.de\/#\/schema\/logo\/image\/","url":"https:\/\/kar-mar.de\/wp-content\/uploads\/2023\/10\/cropped-cropped-Bez-tytulu-512-x-512-px-1.png","contentUrl":"https:\/\/kar-mar.de\/wp-content\/uploads\/2023\/10\/cropped-cropped-Bez-tytulu-512-x-512-px-1.png","width":512,"height":511,"caption":"Kar-Mar Montage"},"image":{"@id":"https:\/\/kar-mar.de\/#\/schema\/logo\/image\/"}}]}},"_links":{"self":[{"href":"https:\/\/kar-mar.de\/index.php?rest_route=\/wp\/v2\/pages\/152","targetHints":{"allow":["GET"]}}],"collection":[{"href":"https:\/\/kar-mar.de\/index.php?rest_route=\/wp\/v2\/pages"}],"about":[{"href":"https:\/\/kar-mar.de\/index.php?rest_route=\/wp\/v2\/types\/page"}],"author":[{"embeddable":true,"href":"https:\/\/kar-mar.de\/index.php?rest_route=\/wp\/v2\/users\/1"}],"replies":[{"embeddable":true,"href":"https:\/\/kar-mar.de\/index.php?rest_route=%2Fwp%2Fv2%2Fcomments&post=152"}],"version-history":[{"count":31,"href":"https:\/\/kar-mar.de\/index.php?rest_route=\/wp\/v2\/pages\/152\/revisions"}],"predecessor-version":[{"id":678,"href":"https:\/\/kar-mar.de\/index.php?rest_route=\/wp\/v2\/pages\/152\/revisions\/678"}],"wp:attachment":[{"href":"https:\/\/kar-mar.de\/index.php?rest_route=%2Fwp%2Fv2%2Fmedia&parent=152"}],"curies":[{"name":"wp","href":"https:\/\/api.w.org\/{rel}","templated":true}]}}